{"id":43,"date":"2025-08-22T13:18:16","date_gmt":"2025-08-22T12:18:16","guid":{"rendered":"https:\/\/www.livspain.com\/\/?page_id=43"},"modified":"2025-11-10T08:52:28","modified_gmt":"2025-11-10T07:52:28","slug":"privacy-policy","status":"publish","type":"page","link":"https:\/\/www.livspain.com\/en\/privacy-policy\/","title":{"rendered":"Privacy Policy"},"content":{"rendered":"\n<div class=\"wp-block-group ic-wrapper-title\"><div class=\"wp-block-group__inner-container is-layout-constrained wp-block-group-is-layout-constrained\">\n<div class=\"wp-block-group container\"><div class=\"wp-block-group__inner-container is-layout-constrained wp-block-group-is-layout-constrained\"><h2 class=\"has-text-align-center wp-block-post-title\">Privacy Policy<\/h2>\n\n\n<figure class=\"wp-block-image size-large\"><img loading=\"lazy\" decoding=\"async\" width=\"233\" height=\"219\" src=\"https:\/\/www.livspain.com\/wp-content\/uploads\/2025\/10\/imagen-decoration.svg\" alt=\"\" class=\"wp-image-1004\"\/><\/figure>\n<\/div><\/div>\n<\/div><\/div>\n\n\n\n<div class=\"wp-block-group container legals\"><div class=\"wp-block-group__inner-container is-layout-constrained wp-block-group-is-layout-constrained\">\n<h2 class=\"wp-block-heading\">Obtenci\u00f3n de datos personales y responsable del tratamiento&nbsp;<\/h2>\n\n\n\n<p>De conformidad con lo previsto en la normativa vigente en materia de protecci\u00f3n de datos, se informa al usuario del presente sitio web \u2013 https:\/\/www.livspain.com \u2013 (la \u201cWeb\u201d), as\u00ed como al usuario de los servicios proporcionados por LIV REALTORS, S.L., (en adelante \u201cLIV REAL ESTATE\u201d), de que los datos personales que facilite a trav\u00e9s de la Web o de otros formatos, as\u00ed como cualesquiera otros datos personales que pudiera facilitar en el futuro, ser\u00e1n objeto de tratamiento siendo la entidad responsable del mismo \u201cLIV REALTORS, S.L.\u201d, con domicilio en URB EL SALADILLO, EDIFICIO ALTAIR, OFICINA 201, ESTEPONA \u2013 (M\u00c1LAGA) y con N.I.F. B56796766 (en adelante \u201cLIV REAL ESTATE\u201d).&nbsp;<\/p>\n\n\n\n<p>Al objeto de informar al interesado de la forma m\u00e1s transparente y sencilla posible, \u201cLIV REAL ESTATE\u201d utiliza un sistema de informaci\u00f3n por capas. Este sistema supone que, en el momento en que el interesado facilita sus datos personales a \u201cLIV REAL ESTATE\u201d, se le ofrece la informaci\u00f3n b\u00e1sica sobre el tratamiento que se va a realizar sobre sus datos, de una forma sencilla y concisa y, al mismo tiempo, se le indica d\u00f3nde podr\u00e1 obtener una informaci\u00f3n m\u00e1s detallada, si as\u00ed lo desea. La presente pol\u00edtica de privacidad recoge, de la forma m\u00e1s detallada posible, toda la informaci\u00f3n aplicable a los tratamientos de datos personales que realiza \u201cLIV REAL ESTATE\u201d sobre usuarios y terceros interesados.&nbsp;<\/p>\n\n\n\n<h2 class=\"wp-block-heading\">Finalidad y base jur\u00eddica del tratamiento de datos personales&nbsp;<\/h2>\n\n\n\n<p>\u201cLIV REAL ESTATE\u201d le informa de que sus datos personales podr\u00e1n ser tratados con las siguientes finalidades:&nbsp;<\/p>\n\n\n\n<ol class=\"wp-block-list\">\n<li>Relaci\u00f3n del usuario que accede a las instalaciones o recibe servicios de \u201cLIV REAL ESTATE\u201d. \u201cLIV REAL ESTATE\u201d tratar\u00e1 los datos del usuario objeto de mantener, desarrollar y dar cumplimiento a su relaci\u00f3n con \u201cLIV REAL ESTATE\u201d derivada de las peticiones realizadas por este a trav\u00e9s de los siguientes tratamientos: \n<ul class=\"wp-block-list\">\n<li>Contacto web. \u201cLIV REAL ESTATE\u201d tratar\u00e1 los datos introducidos en los formularios establecidos a tal efecto en la Web al objeto de tramitar sus consultas. As\u00ed mismo, se informa a los usuarios de que en caso de que proporcionen a \u201cLIV REAL ESTATE\u201d, a trav\u00e9s del correo electr\u00f3nico, el formulario de contacto o cualquier otro medio, un n\u00famero de tel\u00e9fono \u201cLIV REAL ESTATE\u201d podr\u00e1 ponerse en contacto a trav\u00e9s del mismo al objeto de tramitar su solicitud. Base de legitimaci\u00f3n: el consentimiento del usuario. Este consentimiento podr\u00e1 ser retirado, en cualquier momento, al objeto de que sus datos personales no sigan siendo tratados por \u201cLIV REAL ESTATE\u201d, comunic\u00e1ndolo a la siguiente direcci\u00f3n de correo electr\u00f3nico: hello@livspain.com. En caso de que se retire este consentimiento, \u201cLIV REAL ESTATE\u201d no podr\u00e1 cursar ni dar respuesta a la solicitud del interesado.&nbsp;<\/li>\n<\/ul>\n<\/li>\n\n\n\n<li>Remisi\u00f3n de los datos a partners y colaboradores de \u201cLIV REAL ESTATE\u201d en los sectores financiero, inmobiliario, bancario, de suministros, de bienes y servicios para inmuebles y viviendas (equipamientos, decoraci\u00f3n, dom\u00f3tica, comunicaciones, vida digital u otros), y de bienes y servicios para personas interesadas o que adquieran inmuebles y&nbsp;viviendas (asesoramiento, financiaci\u00f3n u otros), con el fin de que puedan ser tratados por los mismos para la realizaci\u00f3n, por diferentes medios, de env\u00edos publicitarios y de informaci\u00f3n comercial sobre sus productos y servicio.&nbsp;<\/li>\n\n\n\n<li>De igual forma, se informa al usuario que desde este sitio web de \u201cLIV REAL ESTATE\u201d \u2013 https:\/\/www.livspain.com \u2013 se comercializan por parte de esta \u00faltima promociones inmobiliarias pertenecientes terceras sociedades. Por tanto, se informa al usuario de que, en tal caso, sus datos les ser\u00e1n remitidos al objeto de que puedan ser tratados por \u00e9stas para la realizaci\u00f3n, por diferentes medios, de env\u00edos publicitarios y de informaci\u00f3n comercial sobre sus productos y servicio.&nbsp;<\/li>\n\n\n\n<li>Remisi\u00f3n de comunicaciones comerciales. \u201cLIV REAL ESTATE\u201d podr\u00e1 solicitar al usuario su consentimiento para remitirle comunicaciones comerciales (newsletters), generales o personalizadas, a trav\u00e9s de cualquier medio, incluido el correo electr\u00f3nico, SMS o cualquier medio de comunicaci\u00f3n electr\u00f3nica. Base de legitimaci\u00f3n: el consentimiento del usuario. En todo caso, el usuario podr\u00e1 oponerse a dicha remisi\u00f3n de comunicaciones comerciales indic\u00e1ndolo en la casilla correspondiente a tal efecto o, con posterioridad, podr\u00e1 revocar su consentimiento comunic\u00e1ndolo a la siguiente direcci\u00f3n de correo: hello@livspain.com. Asimismo, le informamos que en el caso de que autorice el env\u00edo de comunicaciones comerciales, Usted consiente que sus datos personales sean comunicados, en su caso, a las empresas a quienes pertenecen los proyectos comercializados, a los efectos de facilitar un control y una gesti\u00f3n global de los usuarios del Sitio Web y las consultas formuladas por estos, as\u00ed como para el env\u00edo de informaci\u00f3n a los mismos de sus productos y servicios exclusivamente relacionados con el sector de actividad de cada una de ellas, a trav\u00e9s de diferentes medios.&nbsp;<\/li>\n<\/ol>\n\n\n\n<h2 class=\"wp-block-heading\">Exactitud y veracidad&nbsp;<\/h2>\n\n\n\n<p>\u201cLIV REAL ESTATE\u201d considera veraces y exactos los datos personales proporcionados por el interesado, no respondiendo, por tanto, de cualquier perjuicio que la falta de veracidad y exactitud de estos pudieran provocar.&nbsp;<\/p>\n\n\n\n<h2 class=\"wp-block-heading\">Plazo de conservaci\u00f3n de los datos personales&nbsp;<\/h2>\n\n\n\n<p>Sus datos personales se conservar\u00e1n hasta que hayan prescrito las acciones que pudieran derivarse de la relaci\u00f3n con \u201cLIV REAL ESTATE\u201d, salvo que exista obligaci\u00f3n legal que ampl\u00ede el citado plazo de conservaci\u00f3n. Y a\u00fan tras el cese de dichas relaciones durante un m\u00e1ximo de cinco a\u00f1os&nbsp;<\/p>\n\n\n\n<h2 class=\"wp-block-heading\">Comunicaci\u00f3n de los datos personales&nbsp;<\/h2>\n\n\n\n<p>\u201cLIV REAL ESTATE\u201d podr\u00e1 comunicar sus datos personales a: Organismos p\u00fablicos competentes, Fuerzas y Cuerpos de Seguridad del Estado y Jueces y Tribunales, en cumplimiento de obligaciones legales.&nbsp;<\/p>\n\n\n\n<h2 class=\"wp-block-heading\">Transferencias internacionales de datos&nbsp;<\/h2>\n\n\n\n<p>No se prev\u00e9 la realizaci\u00f3n de transferencias internacionales de datos.&nbsp;<\/p>\n\n\n\n<h2 class=\"wp-block-heading\">Ejercicio de derechos y reclamaciones&nbsp;<\/h2>\n\n\n\n<p>El usuario podr\u00e1 ejercer sus derechos en materia de protecci\u00f3n de datos (acceso, rectificaci\u00f3n o supresi\u00f3n, limitaci\u00f3n, oposici\u00f3n, portabilidad y a no ser objeto de decisiones individuales automatizadas que produzcan efectos jur\u00eddicos sobre el usuario o le afecten significativamente de modo similar) dirigiendo a tal efecto una comunicaci\u00f3n mediante correo postal a URB EL SALADILLO, EDIFICIO ALTAIR, OFICINA 201, ESTEPONA \u2013 (M\u00c1LAGA a la atenci\u00f3n de \u201cAsesor\u00eda Jur\u00eddica\u201d, o enviando un correo electr\u00f3nico a la direcci\u00f3n hello@livspain.com, indicando en ambos casos su nombre, apellidos y adjuntando copia de documento acreditativo de su identidad.&nbsp;<\/p>\n\n\n\n<p>Sin perjuicio de lo anterior, el usuario tiene derecho a presentar una reclamaci\u00f3n ante la Agencia Espa\u00f1ola de Protecci\u00f3n de Datos.&nbsp;<\/p>\n<\/div><\/div>\n","protected":false},"excerpt":{"rendered":"<p>Obtenci\u00f3n de datos personales y responsable del tratamiento&nbsp; De conformidad con lo previsto en la normativa vigente en materia de protecci\u00f3n de datos, se informa al usuario del presente sitio web \u2013 https:\/\/www.livspain.com \u2013 (la&#8230;<\/p>\n","protected":false},"author":1,"featured_media":0,"parent":0,"menu_order":0,"comment_status":"closed","ping_status":"closed","template":"","meta":{"_acf_changed":false,"inline_featured_image":false,"footnotes":""},"class_list":["post-43","page","type-page","status-publish","hentry"],"acf":[],"yoast_head":"<!-- This site is optimized with the Yoast SEO plugin v27.4 - https:\/\/yoast.com\/product\/yoast-seo-wordpress\/ -->\n<title>LIV Real Estate | Real Estate Consultancy on the Costa del Sol<\/title>\n<meta name=\"description\" content=\"At LIV Real Estate, we provide consulting and advisory services to developers and investors throughout the entire development cycle. Let us help you drive your real estate project forward.\" \/>\n<meta name=\"robots\" content=\"index, follow, max-snippet:-1, max-image-preview:large, max-video-preview:-1\" \/>\n<link rel=\"canonical\" href=\"https:\/\/www.livspain.com\/en\/privacy-policy\/\" \/>\n<meta property=\"og:locale\" content=\"en_US\" \/>\n<meta property=\"og:type\" content=\"article\" \/>\n<meta property=\"og:title\" content=\"LIV Real Estate | Real Estate Consultancy on the Costa del Sol\" \/>\n<meta property=\"og:description\" content=\"At LIV Real Estate, we provide consulting and advisory services to developers and investors throughout the entire development cycle. Let us help you drive your real estate project forward.\" \/>\n<meta property=\"og:url\" content=\"https:\/\/www.livspain.com\/en\/privacy-policy\/\" \/>\n<meta property=\"og:site_name\" content=\"LIV Real Estate\" \/>\n<meta property=\"article:modified_time\" content=\"2025-11-10T07:52:28+00:00\" \/>\n<meta property=\"og:image\" content=\"https:\/\/www.livspain.com\/wp-content\/uploads\/2025\/10\/imagen-decoration.svg\" \/>\n<meta name=\"twitter:card\" content=\"summary_large_image\" \/>\n<script type=\"application\/ld+json\" class=\"yoast-schema-graph\">{\"@context\":\"https:\\\/\\\/schema.org\",\"@graph\":[{\"@type\":\"WebPage\",\"@id\":\"https:\\\/\\\/www.livspain.com\\\/en\\\/privacy-policy\\\/\",\"url\":\"https:\\\/\\\/www.livspain.com\\\/en\\\/privacy-policy\\\/\",\"name\":\"LIV Real Estate | Real Estate Consultancy on the Costa del Sol\",\"isPartOf\":{\"@id\":\"https:\\\/\\\/www.livspain.com\\\/en\\\/#website\"},\"primaryImageOfPage\":{\"@id\":\"https:\\\/\\\/www.livspain.com\\\/en\\\/privacy-policy\\\/#primaryimage\"},\"image\":{\"@id\":\"https:\\\/\\\/www.livspain.com\\\/en\\\/privacy-policy\\\/#primaryimage\"},\"thumbnailUrl\":\"https:\\\/\\\/www.livspain.com\\\/wp-content\\\/uploads\\\/2025\\\/10\\\/imagen-decoration.svg\",\"datePublished\":\"2025-08-22T12:18:16+00:00\",\"dateModified\":\"2025-11-10T07:52:28+00:00\",\"description\":\"At LIV Real Estate, we provide consulting and advisory services to developers and investors throughout the entire development cycle. Let us help you drive your real estate project forward.\",\"breadcrumb\":{\"@id\":\"https:\\\/\\\/www.livspain.com\\\/en\\\/privacy-policy\\\/#breadcrumb\"},\"inLanguage\":\"en-US\",\"potentialAction\":[{\"@type\":\"ReadAction\",\"target\":[\"https:\\\/\\\/www.livspain.com\\\/en\\\/privacy-policy\\\/\"]}]},{\"@type\":\"ImageObject\",\"inLanguage\":\"en-US\",\"@id\":\"https:\\\/\\\/www.livspain.com\\\/en\\\/privacy-policy\\\/#primaryimage\",\"url\":\"https:\\\/\\\/www.livspain.com\\\/wp-content\\\/uploads\\\/2025\\\/10\\\/imagen-decoration.svg\",\"contentUrl\":\"https:\\\/\\\/www.livspain.com\\\/wp-content\\\/uploads\\\/2025\\\/10\\\/imagen-decoration.svg\"},{\"@type\":\"BreadcrumbList\",\"@id\":\"https:\\\/\\\/www.livspain.com\\\/en\\\/privacy-policy\\\/#breadcrumb\",\"itemListElement\":[{\"@type\":\"ListItem\",\"position\":1,\"name\":\"Home\",\"item\":\"https:\\\/\\\/www.livspain.com\\\/en\\\/\"},{\"@type\":\"ListItem\",\"position\":2,\"name\":\"Privacy Policy\"}]},{\"@type\":\"WebSite\",\"@id\":\"https:\\\/\\\/www.livspain.com\\\/en\\\/#website\",\"url\":\"https:\\\/\\\/www.livspain.com\\\/en\\\/\",\"name\":\"LIV Real Estate\",\"description\":\"LIV Real Estate\",\"publisher\":{\"@id\":\"https:\\\/\\\/www.livspain.com\\\/en\\\/#organization\"},\"alternateName\":\"LIV Real Estate\",\"potentialAction\":[{\"@type\":\"SearchAction\",\"target\":{\"@type\":\"EntryPoint\",\"urlTemplate\":\"https:\\\/\\\/www.livspain.com\\\/en\\\/?s={search_term_string}\"},\"query-input\":{\"@type\":\"PropertyValueSpecification\",\"valueRequired\":true,\"valueName\":\"search_term_string\"}}],\"inLanguage\":\"en-US\"},{\"@type\":\"Organization\",\"@id\":\"https:\\\/\\\/www.livspain.com\\\/en\\\/#organization\",\"name\":\"LIV REAL ESTATE\",\"alternateName\":\"LIV REAL ESTATE\",\"url\":\"https:\\\/\\\/www.livspain.com\\\/en\\\/\",\"logo\":{\"@type\":\"ImageObject\",\"inLanguage\":\"en-US\",\"@id\":\"https:\\\/\\\/www.livspain.com\\\/en\\\/#\\\/schema\\\/logo\\\/image\\\/\",\"url\":\"https:\\\/\\\/www.livspain.com\\\/wp-content\\\/uploads\\\/2025\\\/09\\\/thegroove.webp\",\"contentUrl\":\"https:\\\/\\\/www.livspain.com\\\/wp-content\\\/uploads\\\/2025\\\/09\\\/thegroove.webp\",\"width\":2000,\"height\":1344,\"caption\":\"LIV REAL ESTATE\"},\"image\":{\"@id\":\"https:\\\/\\\/www.livspain.com\\\/en\\\/#\\\/schema\\\/logo\\\/image\\\/\"}}]}<\/script>\n<!-- \/ Yoast SEO plugin. -->","yoast_head_json":{"title":"LIV Real Estate | Real Estate Consultancy on the Costa del Sol","description":"At LIV Real Estate, we provide consulting and advisory services to developers and investors throughout the entire development cycle. Let us help you drive your real estate project forward.","robots":{"index":"index","follow":"follow","max-snippet":"max-snippet:-1","max-image-preview":"max-image-preview:large","max-video-preview":"max-video-preview:-1"},"canonical":"https:\/\/www.livspain.com\/en\/privacy-policy\/","og_locale":"en_US","og_type":"article","og_title":"LIV Real Estate | Real Estate Consultancy on the Costa del Sol","og_description":"At LIV Real Estate, we provide consulting and advisory services to developers and investors throughout the entire development cycle. Let us help you drive your real estate project forward.","og_url":"https:\/\/www.livspain.com\/en\/privacy-policy\/","og_site_name":"LIV Real Estate","article_modified_time":"2025-11-10T07:52:28+00:00","og_image":[{"url":"https:\/\/www.livspain.com\/wp-content\/uploads\/2025\/10\/imagen-decoration.svg","type":"","width":"","height":""}],"twitter_card":"summary_large_image","schema":{"@context":"https:\/\/schema.org","@graph":[{"@type":"WebPage","@id":"https:\/\/www.livspain.com\/en\/privacy-policy\/","url":"https:\/\/www.livspain.com\/en\/privacy-policy\/","name":"LIV Real Estate | Real Estate Consultancy on the Costa del Sol","isPartOf":{"@id":"https:\/\/www.livspain.com\/en\/#website"},"primaryImageOfPage":{"@id":"https:\/\/www.livspain.com\/en\/privacy-policy\/#primaryimage"},"image":{"@id":"https:\/\/www.livspain.com\/en\/privacy-policy\/#primaryimage"},"thumbnailUrl":"https:\/\/www.livspain.com\/wp-content\/uploads\/2025\/10\/imagen-decoration.svg","datePublished":"2025-08-22T12:18:16+00:00","dateModified":"2025-11-10T07:52:28+00:00","description":"At LIV Real Estate, we provide consulting and advisory services to developers and investors throughout the entire development cycle. Let us help you drive your real estate project forward.","breadcrumb":{"@id":"https:\/\/www.livspain.com\/en\/privacy-policy\/#breadcrumb"},"inLanguage":"en-US","potentialAction":[{"@type":"ReadAction","target":["https:\/\/www.livspain.com\/en\/privacy-policy\/"]}]},{"@type":"ImageObject","inLanguage":"en-US","@id":"https:\/\/www.livspain.com\/en\/privacy-policy\/#primaryimage","url":"https:\/\/www.livspain.com\/wp-content\/uploads\/2025\/10\/imagen-decoration.svg","contentUrl":"https:\/\/www.livspain.com\/wp-content\/uploads\/2025\/10\/imagen-decoration.svg"},{"@type":"BreadcrumbList","@id":"https:\/\/www.livspain.com\/en\/privacy-policy\/#breadcrumb","itemListElement":[{"@type":"ListItem","position":1,"name":"Home","item":"https:\/\/www.livspain.com\/en\/"},{"@type":"ListItem","position":2,"name":"Privacy Policy"}]},{"@type":"WebSite","@id":"https:\/\/www.livspain.com\/en\/#website","url":"https:\/\/www.livspain.com\/en\/","name":"LIV Real Estate","description":"LIV Real Estate","publisher":{"@id":"https:\/\/www.livspain.com\/en\/#organization"},"alternateName":"LIV Real Estate","potentialAction":[{"@type":"SearchAction","target":{"@type":"EntryPoint","urlTemplate":"https:\/\/www.livspain.com\/en\/?s={search_term_string}"},"query-input":{"@type":"PropertyValueSpecification","valueRequired":true,"valueName":"search_term_string"}}],"inLanguage":"en-US"},{"@type":"Organization","@id":"https:\/\/www.livspain.com\/en\/#organization","name":"LIV REAL ESTATE","alternateName":"LIV REAL ESTATE","url":"https:\/\/www.livspain.com\/en\/","logo":{"@type":"ImageObject","inLanguage":"en-US","@id":"https:\/\/www.livspain.com\/en\/#\/schema\/logo\/image\/","url":"https:\/\/www.livspain.com\/wp-content\/uploads\/2025\/09\/thegroove.webp","contentUrl":"https:\/\/www.livspain.com\/wp-content\/uploads\/2025\/09\/thegroove.webp","width":2000,"height":1344,"caption":"LIV REAL ESTATE"},"image":{"@id":"https:\/\/www.livspain.com\/en\/#\/schema\/logo\/image\/"}}]}},"_links":{"self":[{"href":"https:\/\/www.livspain.com\/en\/wp-json\/wp\/v2\/pages\/43","targetHints":{"allow":["GET"]}}],"collection":[{"href":"https:\/\/www.livspain.com\/en\/wp-json\/wp\/v2\/pages"}],"about":[{"href":"https:\/\/www.livspain.com\/en\/wp-json\/wp\/v2\/types\/page"}],"author":[{"embeddable":true,"href":"https:\/\/www.livspain.com\/en\/wp-json\/wp\/v2\/users\/1"}],"replies":[{"embeddable":true,"href":"https:\/\/www.livspain.com\/en\/wp-json\/wp\/v2\/comments?post=43"}],"version-history":[{"count":5,"href":"https:\/\/www.livspain.com\/en\/wp-json\/wp\/v2\/pages\/43\/revisions"}],"predecessor-version":[{"id":1534,"href":"https:\/\/www.livspain.com\/en\/wp-json\/wp\/v2\/pages\/43\/revisions\/1534"}],"wp:attachment":[{"href":"https:\/\/www.livspain.com\/en\/wp-json\/wp\/v2\/media?parent=43"}],"curies":[{"name":"wp","href":"https:\/\/api.w.org\/{rel}","templated":true}]}}